{"id":2444,"date":"2020-03-12T12:00:58","date_gmt":"2020-03-12T11:00:58","guid":{"rendered":"https:\/\/www.arpamed.fr\/?page_id=2444"},"modified":"2024-01-22T17:18:29","modified_gmt":"2024-01-22T16:18:29","slug":"timgad","status":"publish","type":"page","link":"https:\/\/www.arpamed.fr\/en\/projets\/arpamed-a-soutenu\/projets-2020\/timgad\/","title":{"rendered":"Timgad"},"content":{"rendered":"<div class=\"wp-block-image\">\n<figure class=\"aligncenter size-full\"><img loading=\"lazy\" decoding=\"async\" width=\"800\" height=\"600\" src=\"https:\/\/www.arpamed.fr\/wp-content\/uploads\/2023\/04\/Carrieres-antiques-Elghar-Nithviren.jpg\" alt=\"\" class=\"wp-image-13005\" srcset=\"https:\/\/www.arpamed.fr\/wp-content\/uploads\/2023\/04\/Carrieres-antiques-Elghar-Nithviren.jpg 800w, https:\/\/www.arpamed.fr\/wp-content\/uploads\/2023\/04\/Carrieres-antiques-Elghar-Nithviren-160x120.jpg 160w, https:\/\/www.arpamed.fr\/wp-content\/uploads\/2023\/04\/Carrieres-antiques-Elghar-Nithviren-768x576.jpg 768w\" sizes=\"auto, (max-width: 800px) 100vw, 800px\" \/><figcaption class=\"wp-element-caption\"><em>Carri\u00e8res antiques d&#8217;Elghar Nithviren<\/em><\/figcaption><\/figure>\n<\/div>","protected":false},"excerpt":{"rendered":"","protected":false},"author":1,"featured_media":11506,"parent":2353,"menu_order":8,"comment_status":"closed","ping_status":"closed","template":"page-projet.php","meta":{"_acf_changed":false,"footnotes":""},"class_list":["post-2444","page","type-page","status-publish","has-post-thumbnail","hentry"],"translation":{"provider":"WPGlobus","version":"3.0.2","language":"en","enabled_languages":["fr","en"],"languages":{"fr":{"title":true,"content":true,"excerpt":false},"en":{"title":false,"content":false,"excerpt":false}}},"acf":[],"yoast_head":"<!-- This site is optimized with the Yoast SEO plugin v27.5 - https:\/\/yoast.com\/product\/yoast-seo-wordpress\/ -->\n<title>Timgad - Arpamed<\/title>\n<meta name=\"robots\" content=\"index, follow, max-snippet:-1, max-image-preview:large, max-video-preview:-1\" \/>\n<link rel=\"canonical\" href=\"https:\/\/www.arpamed.fr\/projets\/arpamed-a-soutenu\/projets-2020\/timgad\/\" \/>\n<meta property=\"og:locale\" content=\"en_US\" \/>\n<meta property=\"og:type\" content=\"article\" \/>\n<meta property=\"og:title\" content=\"Timgad - Arpamed\" \/>\n<meta property=\"og:url\" content=\"https:\/\/www.arpamed.fr\/projets\/arpamed-a-soutenu\/projets-2020\/timgad\/\" \/>\n<meta property=\"og:site_name\" content=\"Arpamed\" \/>\n<meta property=\"article:publisher\" content=\"https:\/\/www.facebook.com\/arpamed.fonds\" \/>\n<meta property=\"article:modified_time\" content=\"2024-01-22T16:18:29+00:00\" \/>\n<meta property=\"og:image\" content=\"https:\/\/www.arpamed.fr\/wp-content\/uploads\/2023\/03\/Timgad-site-archeologique-scaled.jpg\" \/>\n\t<meta property=\"og:image:width\" content=\"2050\" \/>\n\t<meta property=\"og:image:height\" content=\"963\" \/>\n\t<meta property=\"og:image:type\" content=\"image\/jpeg\" \/>\n<meta name=\"twitter:card\" content=\"summary_large_image\" \/>\n<meta name=\"twitter:site\" content=\"@Arpamed_fonds\" \/>\n<meta name=\"twitter:label1\" content=\"Est. reading time\" \/>\n\t<meta name=\"twitter:data1\" content=\"1 minute\" \/>\n<script type=\"application\/ld+json\" class=\"yoast-schema-graph\">{\"@context\":\"https:\\\/\\\/schema.org\",\"@graph\":[{\"@type\":\"WebPage\",\"@id\":\"https:\\\/\\\/www.arpamed.fr\\\/projets\\\/arpamed-a-soutenu\\\/projets-2020\\\/timgad\\\/\",\"url\":\"https:\\\/\\\/www.arpamed.fr\\\/projets\\\/arpamed-a-soutenu\\\/projets-2020\\\/timgad\\\/\",\"name\":\"Timgad - Arpamed\",\"isPartOf\":{\"@id\":\"https:\\\/\\\/www.arpamed.fr\\\/#website\"},\"primaryImageOfPage\":{\"@id\":\"https:\\\/\\\/www.arpamed.fr\\\/projets\\\/arpamed-a-soutenu\\\/projets-2020\\\/timgad\\\/#primaryimage\"},\"image\":{\"@id\":\"https:\\\/\\\/www.arpamed.fr\\\/projets\\\/arpamed-a-soutenu\\\/projets-2020\\\/timgad\\\/#primaryimage\"},\"thumbnailUrl\":\"https:\\\/\\\/www.arpamed.fr\\\/wp-content\\\/uploads\\\/2023\\\/03\\\/Timgad-site-archeologique-scaled.jpg\",\"datePublished\":\"2020-03-12T11:00:58+00:00\",\"dateModified\":\"2024-01-22T16:18:29+00:00\",\"breadcrumb\":{\"@id\":\"https:\\\/\\\/www.arpamed.fr\\\/projets\\\/arpamed-a-soutenu\\\/projets-2020\\\/timgad\\\/#breadcrumb\"},\"inLanguage\":\"en-US\",\"potentialAction\":[{\"@type\":\"ReadAction\",\"target\":[\"https:\\\/\\\/www.arpamed.fr\\\/projets\\\/arpamed-a-soutenu\\\/projets-2020\\\/timgad\\\/\"]}]},{\"@type\":\"ImageObject\",\"inLanguage\":\"en-US\",\"@id\":\"https:\\\/\\\/www.arpamed.fr\\\/projets\\\/arpamed-a-soutenu\\\/projets-2020\\\/timgad\\\/#primaryimage\",\"url\":\"https:\\\/\\\/www.arpamed.fr\\\/wp-content\\\/uploads\\\/2023\\\/03\\\/Timgad-site-archeologique-scaled.jpg\",\"contentUrl\":\"https:\\\/\\\/www.arpamed.fr\\\/wp-content\\\/uploads\\\/2023\\\/03\\\/Timgad-site-archeologique-scaled.jpg\",\"width\":2050,\"height\":963},{\"@type\":\"BreadcrumbList\",\"@id\":\"https:\\\/\\\/www.arpamed.fr\\\/projets\\\/arpamed-a-soutenu\\\/projets-2020\\\/timgad\\\/#breadcrumb\",\"itemListElement\":[{\"@type\":\"ListItem\",\"position\":1,\"name\":\"Accueil\",\"item\":\"https:\\\/\\\/www.arpamed.fr\\\/\"},{\"@type\":\"ListItem\",\"position\":2,\"name\":\"Projets\",\"item\":\"https:\\\/\\\/www.arpamed.fr\\\/projets\\\/\"},{\"@type\":\"ListItem\",\"position\":3,\"name\":\"Arpamed a soutenu\",\"item\":\"https:\\\/\\\/www.arpamed.fr\\\/projets\\\/arpamed-a-soutenu\\\/\"},{\"@type\":\"ListItem\",\"position\":4,\"name\":\"Projets 2020\",\"item\":\"https:\\\/\\\/www.arpamed.fr\\\/projets\\\/arpamed-a-soutenu\\\/projets-2020\\\/\"},{\"@type\":\"ListItem\",\"position\":5,\"name\":\"Timgad\"}]},{\"@type\":\"WebSite\",\"@id\":\"https:\\\/\\\/www.arpamed.fr\\\/#website\",\"url\":\"https:\\\/\\\/www.arpamed.fr\\\/\",\"name\":\"{:fr}Arpamed{:}{:en}Arpamed{:}\",\"description\":\"&lt;em&gt;La valeur des contreparties doit demeurer dans un rapport de 1 \u00e0 4 avec le montant du don et ne doit pas d\u00e9passer\u00a025 % du montant du don (doctrine fiscale &lt;a href=&quot;https:\\\/\\\/bofip.impots.gouv.fr\\\/bofip\\\/5868-PGP.html\\\/identifiant%3DBOI-IR-RICI-250-20-20120912#Contreparties_prenant_la_fo_23&quot;&gt;BOI-BIC-RICI&lt;\\\/a&gt; ; articles &lt;a href=&quot;https:\\\/\\\/www.legifrance.gouv.fr\\\/codes\\\/article_lc\\\/LEGIARTI000043644627&quot; target=&quot;_blank&quot; rel=&quot;noreferrer noopener&quot;&gt;\u00a023 N&lt;\\\/a&gt;\u00a0et\u00a0&lt;a href=&quot;https:\\\/\\\/www.legifrance.gouv.fr\\\/codes\\\/article_lc\\\/LEGIARTI000032694393\\\/2016-06-13&quot; target=&quot;_blank&quot; rel=&quot;noreferrer noopener&quot;&gt;28-00 A&lt;\\\/a&gt;&lt;a href=&quot;https:\\\/\\\/www.culture.gouv.fr\\\/Thematiques\\\/mecenat\\\/Particuliers\\\/Le-regime-fiscal&quot;&gt;\u00a0de l&#039;Annexe 4\u00a0&lt;\\\/a&gt;du CGI).&lt;\\\/em&gt;\",\"publisher\":{\"@id\":\"https:\\\/\\\/www.arpamed.fr\\\/#organization\"},\"potentialAction\":[{\"@type\":\"SearchAction\",\"target\":{\"@type\":\"EntryPoint\",\"urlTemplate\":\"https:\\\/\\\/www.arpamed.fr\\\/?s={search_term_string}\"},\"query-input\":{\"@type\":\"PropertyValueSpecification\",\"valueRequired\":true,\"valueName\":\"search_term_string\"}}],\"inLanguage\":\"en-US\"},{\"@type\":\"Organization\",\"@id\":\"https:\\\/\\\/www.arpamed.fr\\\/#organization\",\"name\":\"Arch\u00e9ologie & Patrimoine en M\u00e9diterran\u00e9e\",\"alternateName\":\"Arpamed\",\"url\":\"https:\\\/\\\/www.arpamed.fr\\\/\",\"logo\":{\"@type\":\"ImageObject\",\"inLanguage\":\"en-US\",\"@id\":\"https:\\\/\\\/www.arpamed.fr\\\/#\\\/schema\\\/logo\\\/image\\\/\",\"url\":\"https:\\\/\\\/www.arpamed.fr\\\/wp-content\\\/uploads\\\/2018\\\/12\\\/ARPAMED-logoCOUL-modif.jpg\",\"contentUrl\":\"https:\\\/\\\/www.arpamed.fr\\\/wp-content\\\/uploads\\\/2018\\\/12\\\/ARPAMED-logoCOUL-modif.jpg\",\"width\":576,\"height\":426,\"caption\":\"Arch\u00e9ologie & Patrimoine en M\u00e9diterran\u00e9e\"},\"image\":{\"@id\":\"https:\\\/\\\/www.arpamed.fr\\\/#\\\/schema\\\/logo\\\/image\\\/\"},\"sameAs\":[\"https:\\\/\\\/www.facebook.com\\\/arpamed.fonds\",\"https:\\\/\\\/x.com\\\/Arpamed_fonds\",\"https:\\\/\\\/www.instagram.com\\\/arpamed_fonds\\\/\",\"https:\\\/\\\/www.linkedin.com\\\/company\\\/arpamed\\\/\"]}]}<\/script>\n<!-- \/ Yoast SEO plugin. -->","yoast_head_json":{"title":"Timgad - Arpamed","robots":{"index":"index","follow":"follow","max-snippet":"max-snippet:-1","max-image-preview":"max-image-preview:large","max-video-preview":"max-video-preview:-1"},"canonical":"https:\/\/www.arpamed.fr\/projets\/arpamed-a-soutenu\/projets-2020\/timgad\/","og_locale":"en_US","og_type":"article","og_title":"Timgad - Arpamed","og_url":"https:\/\/www.arpamed.fr\/projets\/arpamed-a-soutenu\/projets-2020\/timgad\/","og_site_name":"Arpamed","article_publisher":"https:\/\/www.facebook.com\/arpamed.fonds","article_modified_time":"2024-01-22T16:18:29+00:00","og_image":[{"width":2050,"height":963,"url":"https:\/\/www.arpamed.fr\/wp-content\/uploads\/2023\/03\/Timgad-site-archeologique-scaled.jpg","type":"image\/jpeg"}],"twitter_card":"summary_large_image","twitter_site":"@Arpamed_fonds","twitter_misc":{"Est. reading time":"1 minute"},"schema":{"@context":"https:\/\/schema.org","@graph":[{"@type":"WebPage","@id":"https:\/\/www.arpamed.fr\/projets\/arpamed-a-soutenu\/projets-2020\/timgad\/","url":"https:\/\/www.arpamed.fr\/projets\/arpamed-a-soutenu\/projets-2020\/timgad\/","name":"Timgad - Arpamed","isPartOf":{"@id":"https:\/\/www.arpamed.fr\/#website"},"primaryImageOfPage":{"@id":"https:\/\/www.arpamed.fr\/projets\/arpamed-a-soutenu\/projets-2020\/timgad\/#primaryimage"},"image":{"@id":"https:\/\/www.arpamed.fr\/projets\/arpamed-a-soutenu\/projets-2020\/timgad\/#primaryimage"},"thumbnailUrl":"https:\/\/www.arpamed.fr\/wp-content\/uploads\/2023\/03\/Timgad-site-archeologique-scaled.jpg","datePublished":"2020-03-12T11:00:58+00:00","dateModified":"2024-01-22T16:18:29+00:00","breadcrumb":{"@id":"https:\/\/www.arpamed.fr\/projets\/arpamed-a-soutenu\/projets-2020\/timgad\/#breadcrumb"},"inLanguage":"en-US","potentialAction":[{"@type":"ReadAction","target":["https:\/\/www.arpamed.fr\/projets\/arpamed-a-soutenu\/projets-2020\/timgad\/"]}]},{"@type":"ImageObject","inLanguage":"en-US","@id":"https:\/\/www.arpamed.fr\/projets\/arpamed-a-soutenu\/projets-2020\/timgad\/#primaryimage","url":"https:\/\/www.arpamed.fr\/wp-content\/uploads\/2023\/03\/Timgad-site-archeologique-scaled.jpg","contentUrl":"https:\/\/www.arpamed.fr\/wp-content\/uploads\/2023\/03\/Timgad-site-archeologique-scaled.jpg","width":2050,"height":963},{"@type":"BreadcrumbList","@id":"https:\/\/www.arpamed.fr\/projets\/arpamed-a-soutenu\/projets-2020\/timgad\/#breadcrumb","itemListElement":[{"@type":"ListItem","position":1,"name":"Accueil","item":"https:\/\/www.arpamed.fr\/"},{"@type":"ListItem","position":2,"name":"Projets","item":"https:\/\/www.arpamed.fr\/projets\/"},{"@type":"ListItem","position":3,"name":"Arpamed a soutenu","item":"https:\/\/www.arpamed.fr\/projets\/arpamed-a-soutenu\/"},{"@type":"ListItem","position":4,"name":"Projets 2020","item":"https:\/\/www.arpamed.fr\/projets\/arpamed-a-soutenu\/projets-2020\/"},{"@type":"ListItem","position":5,"name":"Timgad"}]},{"@type":"WebSite","@id":"https:\/\/www.arpamed.fr\/#website","url":"https:\/\/www.arpamed.fr\/","name":"{:fr}Arpamed{:}{:en}Arpamed{:}","description":"&lt;em&gt;La valeur des contreparties doit demeurer dans un rapport de 1 \u00e0 4 avec le montant du don et ne doit pas d\u00e9passer\u00a025 % du montant du don (doctrine fiscale &lt;a href=&quot;https:\/\/bofip.impots.gouv.fr\/bofip\/5868-PGP.html\/identifiant%3DBOI-IR-RICI-250-20-20120912#Contreparties_prenant_la_fo_23&quot;&gt;BOI-BIC-RICI&lt;\/a&gt; ; articles &lt;a href=&quot;https:\/\/www.legifrance.gouv.fr\/codes\/article_lc\/LEGIARTI000043644627&quot; target=&quot;_blank&quot; rel=&quot;noreferrer noopener&quot;&gt;\u00a023 N&lt;\/a&gt;\u00a0et\u00a0&lt;a href=&quot;https:\/\/www.legifrance.gouv.fr\/codes\/article_lc\/LEGIARTI000032694393\/2016-06-13&quot; target=&quot;_blank&quot; rel=&quot;noreferrer noopener&quot;&gt;28-00 A&lt;\/a&gt;&lt;a href=&quot;https:\/\/www.culture.gouv.fr\/Thematiques\/mecenat\/Particuliers\/Le-regime-fiscal&quot;&gt;\u00a0de l&#039;Annexe 4\u00a0&lt;\/a&gt;du CGI).&lt;\/em&gt;","publisher":{"@id":"https:\/\/www.arpamed.fr\/#organization"},"potentialAction":[{"@type":"SearchAction","target":{"@type":"EntryPoint","urlTemplate":"https:\/\/www.arpamed.fr\/?s={search_term_string}"},"query-input":{"@type":"PropertyValueSpecification","valueRequired":true,"valueName":"search_term_string"}}],"inLanguage":"en-US"},{"@type":"Organization","@id":"https:\/\/www.arpamed.fr\/#organization","name":"Arch\u00e9ologie & Patrimoine en M\u00e9diterran\u00e9e","alternateName":"Arpamed","url":"https:\/\/www.arpamed.fr\/","logo":{"@type":"ImageObject","inLanguage":"en-US","@id":"https:\/\/www.arpamed.fr\/#\/schema\/logo\/image\/","url":"https:\/\/www.arpamed.fr\/wp-content\/uploads\/2018\/12\/ARPAMED-logoCOUL-modif.jpg","contentUrl":"https:\/\/www.arpamed.fr\/wp-content\/uploads\/2018\/12\/ARPAMED-logoCOUL-modif.jpg","width":576,"height":426,"caption":"Arch\u00e9ologie & Patrimoine en M\u00e9diterran\u00e9e"},"image":{"@id":"https:\/\/www.arpamed.fr\/#\/schema\/logo\/image\/"},"sameAs":["https:\/\/www.facebook.com\/arpamed.fonds","https:\/\/x.com\/Arpamed_fonds","https:\/\/www.instagram.com\/arpamed_fonds\/","https:\/\/www.linkedin.com\/company\/arpamed\/"]}]}},"_links":{"self":[{"href":"https:\/\/www.arpamed.fr\/en\/wp-json\/wp\/v2\/pages\/2444","targetHints":{"allow":["GET"]}}],"collection":[{"href":"https:\/\/www.arpamed.fr\/en\/wp-json\/wp\/v2\/pages"}],"about":[{"href":"https:\/\/www.arpamed.fr\/en\/wp-json\/wp\/v2\/types\/page"}],"author":[{"embeddable":true,"href":"https:\/\/www.arpamed.fr\/en\/wp-json\/wp\/v2\/users\/1"}],"replies":[{"embeddable":true,"href":"https:\/\/www.arpamed.fr\/en\/wp-json\/wp\/v2\/comments?post=2444"}],"version-history":[{"count":15,"href":"https:\/\/www.arpamed.fr\/en\/wp-json\/wp\/v2\/pages\/2444\/revisions"}],"predecessor-version":[{"id":196281,"href":"https:\/\/www.arpamed.fr\/en\/wp-json\/wp\/v2\/pages\/2444\/revisions\/196281"}],"up":[{"embeddable":true,"href":"https:\/\/www.arpamed.fr\/en\/wp-json\/wp\/v2\/pages\/2353"}],"wp:featuredmedia":[{"embeddable":true,"href":"https:\/\/www.arpamed.fr\/en\/wp-json\/wp\/v2\/media\/11506"}],"wp:attachment":[{"href":"https:\/\/www.arpamed.fr\/en\/wp-json\/wp\/v2\/media?parent=2444"}],"curies":[{"name":"wp","href":"https:\/\/api.w.org\/{rel}","templated":true}]}}